{"id":173,"date":"2014-04-01T09:57:50","date_gmt":"2014-04-01T07:57:50","guid":{"rendered":"http:\/\/ww2.zurpost-stockerau.at\/?page_id=173"},"modified":"2025-03-17T16:23:09","modified_gmt":"2025-03-17T15:23:09","slug":"standardkarte","status":"publish","type":"page","link":"https:\/\/www.gasthaus-ehn.at\/index.php\/standardkarte\/","title":{"rendered":"Speisekarte"},"content":{"rendered":"<h2>Hauptgerichte<\/h2>\n<ul class=\"fullwidth mainul\">\n<li style=\"list-style-type: none;\">\n<ul class=\"fullwidth mainul\">\n<li class=\"item\">\n<div class=\"title\">Schnitzel gebacken mit Salat<\/div>\n<div class=\"links\">\n<ul class=\"optional\">\n<li>vom Tullnerfelder Schwein<\/li>\n<li>von der Pute<\/li>\n<\/ul>\n<\/div>\n<div class=\"rechts\">\n<ul class=\"optional\">\n<li><\/li>\n<li><\/li>\n<\/ul>\n<\/div>\n<\/li>\n<\/ul>\n<\/li>\n<\/ul>\n<ul class=\"fullwidth mainul\">\n<li style=\"list-style-type: none;\">\n<ul class=\"fullwidth mainul\">\n<li class=\"item\">\n<div class=\"title\">Cordon Bleu \u201eRegional&#8220; gebacken vom Tullnerfelder Schwein<\/div>\n<div class=\"links\">\n<ul class=\"optional\">\n<li>gef\u00fcllt mit Speck, K\u00e4se, Zwiebel, Pfefferoni mit gemischtem Salat<\/li>\n<\/ul>\n<\/div>\n<div class=\"rechts\">\n<ul class=\"optional\">\n<li><\/li>\n<\/ul>\n<\/div>\n<\/li>\n<\/ul>\n<\/li>\n<\/ul>\n<ul class=\"fullwidth mainul\">\n<li style=\"list-style-type: none;\">\n<ul class=\"fullwidth mainul\">\n<li class=\"item\">\n<div class=\"title\">Cordon Bleu von der Pute<\/div>\n<div class=\"links\">\n<ul class=\"optional\">\n<li>gebacken mit frischem Salat<\/li>\n<\/ul>\n<\/div>\n<div class=\"rechts\">\n<ul class=\"optional\">\n<li><\/li>\n<\/ul>\n<\/div>\n<\/li>\n<\/ul>\n<\/li>\n<\/ul>\n<ul class=\"fullwidth mainul\">\n<li style=\"list-style-type: none;\">\n<ul class=\"fullwidth mainul\">\n<li class=\"item\">\n<div class=\"title\">Backhendlsalat<\/div>\n<div class=\"links\">\n<ul class=\"optional\">\n<li>ausgel\u00f6stes Backhendl auf gro\u00dfem gemischten Salat<\/li>\n<\/ul>\n<\/div>\n<div class=\"rechts\">\n<ul class=\"optional\">\n<li><\/li>\n<\/ul>\n<\/div>\n<\/li>\n<\/ul>\n<\/li>\n<\/ul>\n<ul class=\"fullwidth mainul\">\n<li style=\"list-style-type: none;\">\n<ul class=\"fullwidth mainul\">\n<li class=\"item\">\n<div class=\"title\">Cordon Bleu<\/div>\n<div class=\"links\">\n<ul class=\"optional\">\n<li>von der Pute gegrillt mit Kartoffeln und Gem\u00fcse<\/li>\n<\/ul>\n<\/div>\n<div class=\"rechts\">\n<ul class=\"optional\">\n<li><\/li>\n<\/ul>\n<\/div>\n<\/li>\n<\/ul>\n<\/li>\n<\/ul>\n<ul class=\"fullwidth mainul\">\n<li style=\"list-style-type: none;\">\n<ul class=\"fullwidth mainul\">\n<li class=\"item\">\n<div class=\"title\">Grillmixteller<\/div>\n<div class=\"links\">\n<ul class=\"optional\">\n<li>mit Pommes und Gem\u00fcse<\/li>\n<\/ul>\n<\/div>\n<div class=\"rechts\">\n<ul class=\"optional\">\n<li><\/li>\n<\/ul>\n<\/div>\n<\/li>\n<\/ul>\n<\/li>\n<\/ul>\n<ul class=\"fullwidth mainul\">\n<li style=\"list-style-type: none;\">\n<ul class=\"fullwidth mainul\">\n<li class=\"item\">\n<div class=\"title\">Gem\u00fcseschnitzel mit Sauce Tartare<\/div>\n<div class=\"links\">\n<ul class=\"optional\">\n<li>und gemischten Salat<\/li>\n<\/ul>\n<\/div>\n<div class=\"rechts\">\n<ul class=\"optional\">\n<li><\/li>\n<\/ul>\n<\/div>\n<\/li>\n<\/ul>\n<\/li>\n<\/ul>\n<ul class=\"fullwidth mainul\">\n<li style=\"list-style-type: none;\">\n<ul class=\"fullwidth mainul\">\n<li class=\"item\">\n<div class=\"title\">K\u00e4seomlett<\/div>\n<div class=\"links\">\n<ul class=\"optional\">\n<li>mit Salat<\/li>\n<\/ul>\n<\/div>\n<div class=\"rechts\">\n<ul class=\"optional\">\n<li><\/li>\n<\/ul>\n<\/div>\n<\/li>\n<\/ul>\n<\/li>\n<\/ul>\n<h2>kleine Karte<\/h2>\n<ul class=\"fullwidth mainul\">\n<li style=\"list-style-type: none;\">\n<ul class=\"fullwidth mainul\">\n<li class=\"item\">\n<div class=\"title\">Schinken K\u00e4se Toast<\/div>\n<div class=\"links\">\n<ul class=\"optional\">\n<li>ohne Spiegelei<\/li>\n<li>mit Spiegelei<\/li>\n<\/ul>\n<\/div>\n<div class=\"rechts\">\n<ul class=\"optional\">\n<li><\/li>\n<li><\/li>\n<\/ul>\n<\/div>\n<\/li>\n<\/ul>\n<\/li>\n<\/ul>\n<ul class=\"fullwidth mainul\">\n<li style=\"list-style-type: none;\">\n<ul class=\"fullwidth mainul\">\n<li class=\"item\">\n<div class=\"title\">Gebackener Toast<\/div>\n<div class=\"links\">\n<ul class=\"optional\">\n<li>garniert<\/li>\n<\/ul>\n<\/div>\n<div class=\"rechts\">\n<ul class=\"optional\">\n<li><\/li>\n<\/ul>\n<\/div>\n<\/li>\n<\/ul>\n<\/li>\n<\/ul>\n<ul class=\"fullwidth mainul\">\n<li style=\"list-style-type: none;\">\n<ul class=\"fullwidth mainul\">\n<li class=\"item\">\n<div class=\"title\">Bauerntoast<\/div>\n<div class=\"links\">\n<ul class=\"optional\">\n<li>mit Spiegelei<\/li>\n<\/ul>\n<\/div>\n<div class=\"rechts\">\n<ul class=\"optional\">\n<li><\/li>\n<\/ul>\n<\/div>\n<\/li>\n<\/ul>\n<\/li>\n<\/ul>\n<ul class=\"fullwidth mainul\">\n<li style=\"list-style-type: none;\">\n<ul class=\"fullwidth mainul\">\n<li class=\"item\">\n<div class=\"title\">Gem\u00fcsetoast<\/div>\n<div class=\"links\">\n<ul class=\"optional\">\n<li>mit K\u00e4se \u00fcberbacken<\/li>\n<\/ul>\n<\/div>\n<div class=\"rechts\">\n<ul class=\"optional\">\n<li><\/li>\n<\/ul>\n<\/div>\n<\/li>\n<\/ul>\n<\/li>\n<\/ul>\n<ul class=\"fullwidth mainul\">\n<li style=\"list-style-type: none;\">\n<ul class=\"fullwidth mainul\">\n<li class=\"item\">\n<div class=\"title\">Debreziner<\/div>\n<div class=\"links\">\n<ul class=\"optional\">\n<li>mit 1 Semmel<\/li>\n<\/ul>\n<\/div>\n<div class=\"rechts\">\n<ul class=\"optional\">\n<li><\/li>\n<\/ul>\n<\/div>\n<\/li>\n<\/ul>\n<\/li>\n<\/ul>\n<ul class=\"fullwidth mainul\">\n<li style=\"list-style-type: none;\">\n<ul class=\"fullwidth mainul\">\n<li class=\"item\">\n<div class=\"title\">Frankfurter<\/div>\n<div class=\"links\">\n<ul class=\"optional\">\n<li>mit 1 Semmel<\/li>\n<\/ul>\n<\/div>\n<div class=\"rechts\">\n<ul class=\"optional\">\n<li><\/li>\n<\/ul>\n<\/div>\n<\/li>\n<\/ul>\n<\/li>\n<\/ul>\n<ul class=\"fullwidth mainul\">\n<li style=\"list-style-type: none;\">\n<ul class=\"fullwidth mainul\">\n<li class=\"item\">\n<div class=\"title\">Ham and eggs<\/div>\n<div class=\"links\">\n<ul class=\"optional\">\n<li>mit 3 Eiern<\/li>\n<\/ul>\n<\/div>\n<div class=\"rechts\">\n<ul class=\"optional\">\n<li><\/li>\n<\/ul>\n<\/div>\n<\/li>\n<\/ul>\n<\/li>\n<\/ul>\n","protected":false},"excerpt":{"rendered":"<p>Hauptgerichte Schnitzel gebacken mit Salat vom Tullnerfelder Schwein von der Pute Cordon Bleu \u201eRegional&#8220; gebacken vom Tullnerfelder Schwein gef\u00fcllt mit Speck, K\u00e4se, Zwiebel, Pfefferoni mit gemischtem Salat Cordon Bleu von der Pute gebacken mit frischem Salat Backhendlsalat ausgel\u00f6stes Backhendl auf gro\u00dfem gemischten Salat Cordon Bleu von der Pute gegrillt mit Kartoffeln und Gem\u00fcse Grillmixteller mit [&hellip;]<\/p>\n","protected":false},"author":1,"featured_media":0,"parent":0,"menu_order":3,"comment_status":"closed","ping_status":"closed","template":"","meta":{"ngg_post_thumbnail":0,"footnotes":""},"class_list":["post-173","page","type-page","status-publish","hentry"],"_links":{"self":[{"href":"https:\/\/www.gasthaus-ehn.at\/index.php\/wp-json\/wp\/v2\/pages\/173","targetHints":{"allow":["GET"]}}],"collection":[{"href":"https:\/\/www.gasthaus-ehn.at\/index.php\/wp-json\/wp\/v2\/pages"}],"about":[{"href":"https:\/\/www.gasthaus-ehn.at\/index.php\/wp-json\/wp\/v2\/types\/page"}],"author":[{"embeddable":true,"href":"https:\/\/www.gasthaus-ehn.at\/index.php\/wp-json\/wp\/v2\/users\/1"}],"replies":[{"embeddable":true,"href":"https:\/\/www.gasthaus-ehn.at\/index.php\/wp-json\/wp\/v2\/comments?post=173"}],"version-history":[{"count":78,"href":"https:\/\/www.gasthaus-ehn.at\/index.php\/wp-json\/wp\/v2\/pages\/173\/revisions"}],"predecessor-version":[{"id":1643,"href":"https:\/\/www.gasthaus-ehn.at\/index.php\/wp-json\/wp\/v2\/pages\/173\/revisions\/1643"}],"wp:attachment":[{"href":"https:\/\/www.gasthaus-ehn.at\/index.php\/wp-json\/wp\/v2\/media?parent=173"}],"curies":[{"name":"wp","href":"https:\/\/api.w.org\/{rel}","templated":true}]}}